{"id":10,"date":"2014-06-04T05:47:42","date_gmt":"2014-06-04T05:47:42","guid":{"rendered":"http:\/\/localhost\/wordpress3\/?page_id=4"},"modified":"2020-06-02T14:46:15","modified_gmt":"2020-06-02T14:46:15","slug":"home","status":"publish","type":"page","link":"https:\/\/resurscentarzaodrzivirazvoj.com\/","title":{"rendered":"S HOME PAGE &#8211; O NAMA"},"content":{"rendered":"<div class=\"services-wrapper services-fullbox cols-wrapper cols-2 services-vertical-text\" style=\"background-color:#252525;color:#ffffff;\"><div class=\"services-box col services-no-content\"><div class=\"img-container\"><img decoding=\"async\" src=\"http:\/\/resurscentarzaodrzivirazvoj.com\/wp-content\/uploads\/2020\/05\/LOGO-Resurs-centar-1000-X-667.jpg\" alt=\"\"\/><\/div><div class=\"services-content\"><div class=\"sc-wraper\"><\/div><\/div><\/div><div class=\"services-box col nomargin services-no-content\"><a href=\"http:\/\/resurscentarzaodrzivirazvoj.com\/index.php\/giz-projekat\/\"><div class=\"img-container\"><img decoding=\"async\" src=\"http:\/\/resurscentarzaodrzivirazvoj.com\/wp-content\/uploads\/2020\/06\/NASLOVNA-VESTI-GIZ-3.jpg\" alt=\"\"\/><\/div><\/a><div class=\"services-content\"><div class=\"sc-wraper\"><\/div><\/div><\/div><div class=\"clear\"><\/div><\/div>\n<h2><strong>O ORGANIZACIJI<\/strong><\/h2>\n<p>Organizacija \u201e<strong>Resurs centar za odr\u017eivi razvoj<\/strong>\u201c, formirana je 2013. godine u Beogradu. Od svog osnivanja se bavi programima i projektima koji imaju za cilj podr\u0161ku socijalnoj inkluziji lica iz osetljivih grupa.<\/p>\n<p>Fokus rada na\u0161e organizacije je kreiranje, uspostavljanje i razvoj lokalnih me\u0111u-sektorskih socijalnih usluga koje unapre\u0111uju kvalitet \u017eivota pojedinih kategorija korisnika. Programske aktivnosti su se bazirale na podr\u0161ku i unapre\u0111enje partnerstva izme\u0111u lokalnih resornih institucija, predstavnika civilnog sektora i lokalne samouprave. Promocijom ovakvog partnerskog pristupa, obezbedili smo preduslove za odr\u017eive lokalne servise, koji odgovaraju na stvarne potrebe korisnika i najoptimalnije koriste raspolo\u017eive resurse.<\/p>\n<p>Organizacija sara\u0111uje sa preko 50 lokalnih samouprava sprovode\u0107i me\u0111unarodne i nacionalne programe koji su kroz lokalno strate\u0161ko i akciono planiranje dugoro\u010dno uticali na unapre\u0111enje polo\u017eaja mladih, \u017eena, manjinskih grupa, starih lica, Roma, izbeglih i interno raseljenih, povratnika, starih lica i osoba sa invaliditetom.<\/p>\n<p>Ciljevi udru\u017eenja su:<\/p>\n<ul>\n<li>Uspostavljanje i razvoj omladinskih servisa i lokalnog institucionalnog okvira za unapre\u0111enje omladinske politike;<\/li>\n<li>Sprovo\u0111enje programa koji obezbe\u0111uju sticanje dodatnih znanja i ve\u0161tina svih grupa gra\u0111ana kroz sistem neformalnog obrazovanja;<\/li>\n<li>Podr\u0161ka programima koji obezbe\u0111uju unapre\u0111enje profesionalnih kompetenci zaposlenih u lokalnim samoupravama i gradskim upravama;<\/li>\n<li>Uspostavljanje i pru\u017eanje lokalnih socijalnih usluga na op\u0161tinskom nivou, kako standardizovanih tako i nestandardizovanih (inovativnih) za razli\u010dite kategorije stanovni\u0161tva;<\/li>\n<li>Kreiranje, sprovo\u0111enje i unapre\u0111enje programa i inicijativa koje uti\u010du na obezbe\u0111enje socijalnih prava i unapre\u0111enje osnovnih ljudskih prava i sloboda i smanjenje diskriminacije na svim nivoima;<\/li>\n<li>Razvoj i realizacija nacionalnih, regionalnih i lokalnih programa koji \u0107e obezbediti efikasnije zapo\u0161ljavanje i samozapo\u0161ljavanje kao i promociju preduzetni\u0161tva;<\/li>\n<li>Razvoj i realizacija nacionalnih i lokalnih programa koji se ti\u010du za\u0161tite \u017eivotne sredine i ekologije;<\/li>\n<li>Razvoj i realizacija nacionalnih i lokalnih programa koji se ti\u010du odr\u017eivog razvoja i energetske efikasnosti;<\/li>\n<li>Razvoj programa, projekata i akcija koje unapre\u0111uju oblasti poljoprivrede, turizma i ruralnog razvoja;<\/li>\n<li>Razvoj programa i projekata\u00a0 u oblasti telekomunikacija i\u00a0 novih tehnologija.<\/li>\n<\/ul>\n<div class=\"nivo-content\"><div class=\"nivo-wrapper\"><div class=\"nivo-slider\" id=\"nivo-slider-101\" style=\"min-height:450px;\"><img decoding=\"async\" src=\"http:\/\/resurscentarzaodrzivirazvoj.com\/wp-content\/uploads\/2020\/05\/WEB-NASLOVNA-FADE-SLIDER-1.jpg\" title=\"\" alt=\"\" \/><img decoding=\"async\" src=\"http:\/\/resurscentarzaodrzivirazvoj.com\/wp-content\/uploads\/2020\/05\/WEB-NASLOVNA-SLIDER-2.jpg\" title=\"\" alt=\"\" \/><img decoding=\"async\" src=\"http:\/\/resurscentarzaodrzivirazvoj.com\/wp-content\/uploads\/2020\/06\/WEB-NASLOVNA-FADE-SLIDER-3b.jpg\" title=\"\" alt=\"\" \/><img decoding=\"async\" src=\"http:\/\/resurscentarzaodrzivirazvoj.com\/wp-content\/uploads\/2020\/05\/WEB-NASLOVNA-SLIDER-4.jpg\" title=\"\" alt=\"\" \/><\/div><\/div><\/div>\n","protected":false},"excerpt":{"rendered":"<p>O ORGANIZACIJI Organizacija \u201eResurs centar za odr\u017eivi razvoj\u201c, formirana je 2013. godine u Beogradu. Od svog osnivanja se bavi programima [&hellip;]<\/p>\n","protected":false},"author":1,"featured_media":0,"parent":0,"menu_order":0,"comment_status":"open","ping_status":"open","template":"template-full-custom.php","meta":{"footnotes":""},"class_list":["post-10","page","type-page","status-publish","hentry"],"_links":{"self":[{"href":"https:\/\/resurscentarzaodrzivirazvoj.com\/index.php\/wp-json\/wp\/v2\/pages\/10","targetHints":{"allow":["GET"]}}],"collection":[{"href":"https:\/\/resurscentarzaodrzivirazvoj.com\/index.php\/wp-json\/wp\/v2\/pages"}],"about":[{"href":"https:\/\/resurscentarzaodrzivirazvoj.com\/index.php\/wp-json\/wp\/v2\/types\/page"}],"author":[{"embeddable":true,"href":"https:\/\/resurscentarzaodrzivirazvoj.com\/index.php\/wp-json\/wp\/v2\/users\/1"}],"replies":[{"embeddable":true,"href":"https:\/\/resurscentarzaodrzivirazvoj.com\/index.php\/wp-json\/wp\/v2\/comments?post=10"}],"version-history":[{"count":15,"href":"https:\/\/resurscentarzaodrzivirazvoj.com\/index.php\/wp-json\/wp\/v2\/pages\/10\/revisions"}],"predecessor-version":[{"id":2789,"href":"https:\/\/resurscentarzaodrzivirazvoj.com\/index.php\/wp-json\/wp\/v2\/pages\/10\/revisions\/2789"}],"wp:attachment":[{"href":"https:\/\/resurscentarzaodrzivirazvoj.com\/index.php\/wp-json\/wp\/v2\/media?parent=10"}],"curies":[{"name":"wp","href":"https:\/\/api.w.org\/{rel}","templated":true}]}}