{"id":2,"date":"2020-05-30T12:10:58","date_gmt":"2020-05-30T12:10:58","guid":{"rendered":"http:\/\/resurscentarzaodrzivirazvoj.com\/?page_id=2"},"modified":"2020-06-02T14:48:38","modified_gmt":"2020-06-02T14:48:38","slug":"donatori-i-projekti","status":"publish","type":"page","link":"https:\/\/resurscentarzaodrzivirazvoj.com\/index.php\/donatori-i-projekti\/","title":{"rendered":"S &#8211; DONATORI I PROJEKTI"},"content":{"rendered":"<div class=\"accordion-container accordion-all-closed\"><br \/>\n<div class=\"accordion-title\">Delegacija Evropske unije<span class=\"ac-indicator\"><\/span><\/div><div class=\"pane\"><\/p>\n<p>\u201eOmladinska kulinarska laboratorija\u201c &#8211; promocija kulturolo\u0161kog diverziteta kroz kulinarstvo<\/p>\n<p><div class=\"clear\"><\/div><\/div><div class=\"accordion-title\">Evropska unija \u2013 IPA<span class=\"ac-indicator\"><\/span><\/div><div class=\"pane\"><\/p>\n<ul>\n<li>\u201ePove\u0107anje efikasnosti politika zapo\u0161ljavanja lica iz te\u0161ko zapo\u0161ljivih grupa \u2013 edukacija iz zanimanja \u2013 pedikiri i manikiri na 5 lokacija u Srbiji\u201c<\/li>\n<li>\u201eRazvoj lokalnih usluga na Novom Beogradu \u2013 senzorno-motori\u010dka rehabilitacija osoba sa invaliditetom\u201c<\/li>\n<\/ul>\n<p><div class=\"clear\"><\/div><\/div><div class=\"accordion-title\">GIZ - Deutsche Gesellschaft f\u00fcr Internationale Zusammenarbeit (GIZ) GmbH<span class=\"ac-indicator\"><\/span><\/div><div class=\"pane\"><\/p>\n<p>\u201ePodr\u0161ka u re-integraciji i ekonomskom osna\u017eivanju povratnika i potencijalnih migranata u 10 gradova Srbije\u201c<\/p>\n<p><div class=\"clear\"><\/div><\/div><div class=\"accordion-title\">OSCE (Organization for Security and Co-operation in Europe)<span class=\"ac-indicator\"><\/span><\/div><div class=\"pane\"><\/p>\n<ul>\n<li>\u201ePobolj\u0161anje statusa romske populacije i efikasnije uklju\u010divanje u dru\u0161tvo kroz radno iskustvo i pobolj\u0161anje procesa zapo\u0161ljavanja\u201c<\/li>\n<li>\u201eTehni\u010dka podr\u0161ka KLJMP za sprovo\u0111enje Nacionalnog akcionog plana za inkluziju Roma\u201c<\/li>\n<\/ul>\n<p><div class=\"clear\"><\/div><\/div><div class=\"accordion-title\">Kancelarija za ljudska i manjinska prava<span class=\"ac-indicator\"><\/span><\/div><div class=\"pane\"><\/p>\n<p>\u201ePrevencija nasilja nad \u017eenama\u201c<\/p>\n<p><div class=\"clear\"><\/div><\/div><div class=\"accordion-title\">Kabinet ministra bez portfelja zadu\u017eenog za demografiju i populacionu politiku<span class=\"ac-indicator\"><\/span><\/div><div class=\"pane\"><\/p>\n<p>\u201eSredina bez nasilja za decu i mlade\u201c<\/p>\n<p><div class=\"clear\"><\/div><\/div><div class=\"accordion-title\">Ministarstvo za rad, zapo\u0161ljavanje, bora\u010dka i socijalna pitanja<span class=\"ac-indicator\"><\/span><\/div><div class=\"pane\"><\/p>\n<p>\u201ePodr\u0161ka socijalnom statusu OSI kroz radno anga\u017eovanje\u201c<\/p>\n<p><div class=\"clear\"><\/div><\/div><div class=\"accordion-title\">Ministarstvo trgovine, turizma i telekomunikacija<span class=\"ac-indicator\"><\/span><\/div><div class=\"pane\"><\/p>\n<p>\u201e\u0160kolski raspust u letnjoj \u0161koli ra\u010dunara\u201c<\/p>\n<p><div class=\"clear\"><\/div><\/div><\/div>\n","protected":false},"excerpt":{"rendered":"","protected":false},"author":1,"featured_media":0,"parent":0,"menu_order":0,"comment_status":"closed","ping_status":"open","template":"","meta":{"footnotes":""},"class_list":["post-2","page","type-page","status-publish","hentry"],"_links":{"self":[{"href":"https:\/\/resurscentarzaodrzivirazvoj.com\/index.php\/wp-json\/wp\/v2\/pages\/2","targetHints":{"allow":["GET"]}}],"collection":[{"href":"https:\/\/resurscentarzaodrzivirazvoj.com\/index.php\/wp-json\/wp\/v2\/pages"}],"about":[{"href":"https:\/\/resurscentarzaodrzivirazvoj.com\/index.php\/wp-json\/wp\/v2\/types\/page"}],"author":[{"embeddable":true,"href":"https:\/\/resurscentarzaodrzivirazvoj.com\/index.php\/wp-json\/wp\/v2\/users\/1"}],"replies":[{"embeddable":true,"href":"https:\/\/resurscentarzaodrzivirazvoj.com\/index.php\/wp-json\/wp\/v2\/comments?post=2"}],"version-history":[{"count":20,"href":"https:\/\/resurscentarzaodrzivirazvoj.com\/index.php\/wp-json\/wp\/v2\/pages\/2\/revisions"}],"predecessor-version":[{"id":2475,"href":"https:\/\/resurscentarzaodrzivirazvoj.com\/index.php\/wp-json\/wp\/v2\/pages\/2\/revisions\/2475"}],"wp:attachment":[{"href":"https:\/\/resurscentarzaodrzivirazvoj.com\/index.php\/wp-json\/wp\/v2\/media?parent=2"}],"curies":[{"name":"wp","href":"https:\/\/api.w.org\/{rel}","templated":true}]}}