{"id":2370,"date":"2014-06-06T06:57:16","date_gmt":"2014-06-06T06:57:16","guid":{"rendered":"http:\/\/pexetothemes.com\/demos\/story_demos\/?page_id=2"},"modified":"2020-06-02T14:50:49","modified_gmt":"2020-06-02T14:50:49","slug":"eu-projekat-2","status":"publish","type":"page","link":"https:\/\/resurscentarzaodrzivirazvoj.com\/index.php\/eu-projekat-2\/","title":{"rendered":"S &#8211; EU PROJEKAT 2"},"content":{"rendered":"<h2><strong>KULINARSTVO &#8211; PROMOCIJA KULTUROLO\u0160KOG DIVERZITETA<br \/>\n<\/strong><\/h2>\n<p>Projekat pod nazivom \u201e<strong>Omladinska kuhinjska laboratorija<\/strong>\u201c traje 24 meseca i sprovodi se u op\u0161tini Kikinda. Projekat se sprovodi u partnerstvu organizacija \u201eResurs centar za odr\u017eivi razvoj\u201c i Ekonomsko-trgovinske srednje \u0161kole iz Kikinde.<\/p>\n<p>Cilj projekta je da se, kroz kulinarstvo, uspostavi nediskriminatorno i tolerantno okru\u017eenje za zdrav razvoj mladih, u kome se prihvata razli\u010ditost i po\u0161tuju druge kulture, nacionalnosti, religije i ljudi koji dolaze iz dru\u0161tava, koji govore drugim jezikom i imaju\u00a0 razli\u010dite\u00a0 socio &#8211; ekonomske prilike.<\/p>\n<p>U projektu pored mladih iz Kikinde u\u010destvuju i mladi iz Hrvatske, Ma\u0111arske, Makedonije, Rumunije i sa Kosova.<\/p>\n<p>Klju\u010dne aktivnosti projekta su kulinarske radionice za mlade, koji kroz pripremanje razli\u010ditih jela, razumevaju sli\u010dnosti i razlike izme\u0111u razli\u010ditih kultura.<\/p>\n<p>U cilju obezbe\u0111ivanja odr\u017eivosti projekta, aktivnostima koje kroz kulinarstvo omogu\u0107avaju razumevanje i po\u0161tovanje razli\u010ditih kultura i tradicija, izra\u0111en je dokument \u201eStrategija za promociju ideja u projektu \u2013 Omladinska kuhinjska laboratorija\u201c. Dokument kroz sistematizaciju postoje\u0107ih resursa i postavljenih ciljeva defini\u0161e mere akcije, kako bi se svim akterima na lokalu pribli\u017eili rezultati projekta i ideje koje projekat podr\u017eava. Time \u0107e se stvoriti preduslovi za obezbe\u0111ivanje nedostaju\u0107ih resursa za kontinuitet sprovo\u0111enja aktivnosti.<\/p>\n<p>&nbsp;<\/p>\n<p><a class=\"button\" href=\"http:\/\/youthkitchenlaboratory.com\/\" target=\"_blank\" rel=\"noopener noreferrer\">POSETI SAJT<\/a><\/p>\n<div class=\"services-wrapper services-fullbox cols-wrapper cols-3\" style=\"background-color:#252525;color:#ffffff;\"><div class=\"services-box col services-no-content\"><div class=\"img-container\"><img decoding=\"async\" src=\"http:\/\/resurscentarzaodrzivirazvoj.com\/wp-content\/uploads\/2020\/05\/Kuhinjica-service-box-2.jpg\" alt=\"\"\/><\/div><div class=\"services-content\"><div class=\"sc-wraper\"><\/div><\/div><\/div><div class=\"services-box col services-no-content\"><div class=\"img-container\"><img decoding=\"async\" src=\"http:\/\/resurscentarzaodrzivirazvoj.com\/wp-content\/uploads\/2020\/05\/Kuhinjica-service-box-1.jpg\" alt=\"\"\/><\/div><div class=\"services-content\"><div class=\"sc-wraper\"><\/div><\/div><\/div><div class=\"services-box col nomargin services-no-content\"><div class=\"img-container\"><img decoding=\"async\" src=\"http:\/\/resurscentarzaodrzivirazvoj.com\/wp-content\/uploads\/2020\/05\/Kuhinjica-service-box-3.jpg\" alt=\"\"\/><\/div><div class=\"services-content\"><div class=\"sc-wraper\"><\/div><\/div><\/div><div class=\"clear\"><\/div><\/div>\n","protected":false},"excerpt":{"rendered":"<p>KULINARSTVO &#8211; PROMOCIJA KULTUROLO\u0160KOG DIVERZITETA Projekat pod nazivom \u201eOmladinska kuhinjska laboratorija\u201c traje 24 meseca i sprovodi se u op\u0161tini Kikinda. [&hellip;]<\/p>\n","protected":false},"author":1,"featured_media":0,"parent":0,"menu_order":0,"comment_status":"open","ping_status":"open","template":"template-full-custom.php","meta":{"footnotes":""},"class_list":["post-2370","page","type-page","status-publish","hentry"],"_links":{"self":[{"href":"https:\/\/resurscentarzaodrzivirazvoj.com\/index.php\/wp-json\/wp\/v2\/pages\/2370","targetHints":{"allow":["GET"]}}],"collection":[{"href":"https:\/\/resurscentarzaodrzivirazvoj.com\/index.php\/wp-json\/wp\/v2\/pages"}],"about":[{"href":"https:\/\/resurscentarzaodrzivirazvoj.com\/index.php\/wp-json\/wp\/v2\/types\/page"}],"author":[{"embeddable":true,"href":"https:\/\/resurscentarzaodrzivirazvoj.com\/index.php\/wp-json\/wp\/v2\/users\/1"}],"replies":[{"embeddable":true,"href":"https:\/\/resurscentarzaodrzivirazvoj.com\/index.php\/wp-json\/wp\/v2\/comments?post=2370"}],"version-history":[{"count":14,"href":"https:\/\/resurscentarzaodrzivirazvoj.com\/index.php\/wp-json\/wp\/v2\/pages\/2370\/revisions"}],"predecessor-version":[{"id":2791,"href":"https:\/\/resurscentarzaodrzivirazvoj.com\/index.php\/wp-json\/wp\/v2\/pages\/2370\/revisions\/2791"}],"wp:attachment":[{"href":"https:\/\/resurscentarzaodrzivirazvoj.com\/index.php\/wp-json\/wp\/v2\/media?parent=2370"}],"curies":[{"name":"wp","href":"https:\/\/api.w.org\/{rel}","templated":true}]}}