{"id":2372,"date":"2014-06-04T06:02:11","date_gmt":"2014-06-04T06:02:11","guid":{"rendered":"http:\/\/localhost\/wordpress3\/?page_id=25"},"modified":"2020-06-02T14:50:25","modified_gmt":"2020-06-02T14:50:25","slug":"eu-projekat-1","status":"publish","type":"page","link":"https:\/\/resurscentarzaodrzivirazvoj.com\/index.php\/eu-projekat-1\/","title":{"rendered":"S &#8211; EU PROJEKAT 1"},"content":{"rendered":"<h2><strong>SENZORNA INTEGRACIJA DECE SA SMETNJAMA U RAZVOJU<\/strong><\/h2>\n<p>U periodu jun 2016 \/ jun 2017. godine na teritoriji op\u0161tine Novi Beograd realizovan je projekat pod nazivom \u201e<strong>Lokalne usluge na Novom Beogradu<\/strong>\u201c. Projekat je realizovan u partnerstvu op\u0161tine Novi Beograd i udru\u017eenja Resurs centar za odr\u017eivi razvoj. Projekat omogu\u0107ava da raspolo\u017eivi resursi (materijalni, tehni\u010dki i ljudski) op\u0161tine Novi Beograd budu u funkciji unapre\u0111enja polo\u017eaja razli\u010ditih kategorija osoba sa invaliditetom. Kroz inovativnu socijalnu uslugu obezbe\u0111ena je podr\u0161ka za 30 porodica osoba sa invaliditetom kroz rehabilitacijski rad u okviru 3 segmenta \u2013 poli\/senzornu stimulaciju, motori\u010dku stimulaciju i psiho-socijalnu podr\u0161ku kroz radno okupacioni rad. U okviru projekta opremljene su 3 sobe za rehabilitacioni rad sa korisnicima (SENZORNA SOBA, MOTORI\u010cKA SOBA I RADNO OKUPACIONA SOBA \/PSIHO-SOCIJALNA PODR\u0160KA\/).<\/p>\n<p>Pored direktnog rada sa korisnicima u okviru projekta su realizovane slede\u0107e aktivnosti:<\/p>\n<ul>\n<li>Komunikaciona strategija u promociji inovativne socijalne usluge<\/li>\n<li>Plan razvoja centra za brigu o deci starima i osobama sa invaliditetom<\/li>\n<li>Strategija socijalne za\u0161tite op\u0161tine Novi Beograd<\/li>\n<li>Analiza cene usluga<\/li>\n<li>Analiza uticaja usluge na siru dru\u0161tvenu zajednicu<\/li>\n<li>Akcioni plan (road\/map) za efikasnu implementaciju usluga namenjenih osobama sa invaliditetom<\/li>\n<li>IT Platforma.<\/li>\n<\/ul>\n<p>&nbsp;<\/p>\n<p><a class=\"button\" href=\"http:\/\/cbss-nbgd.online\/\" target=\"_blank\" rel=\"noopener noreferrer\">POSETI SAJT<\/a><\/p>\n<div class=\"services-wrapper services-fullbox cols-wrapper cols-3\" style=\"background-color:#252525;color:#ffffff;\"><div class=\"services-box col services-no-content\"><div class=\"img-container\"><img decoding=\"async\" src=\"http:\/\/resurscentarzaodrzivirazvoj.com\/wp-content\/uploads\/2020\/05\/NBGD-service-box-1.jpg\" alt=\"\"\/><\/div><div class=\"services-content\"><div class=\"sc-wraper\"><\/div><\/div><\/div><div class=\"services-box col services-no-content\"><div class=\"img-container\"><img decoding=\"async\" src=\"http:\/\/resurscentarzaodrzivirazvoj.com\/wp-content\/uploads\/2020\/05\/NBGD-service-box-2.jpg\" alt=\"\"\/><\/div><div class=\"services-content\"><div class=\"sc-wraper\"><\/div><\/div><\/div><div class=\"services-box col nomargin services-no-content\"><div class=\"img-container\"><img decoding=\"async\" src=\"http:\/\/resurscentarzaodrzivirazvoj.com\/wp-content\/uploads\/2020\/05\/NBGD-service-box-3.jpg\" alt=\"\"\/><\/div><div class=\"services-content\"><div class=\"sc-wraper\"><\/div><\/div><\/div><div class=\"clear\"><\/div><\/div>\n","protected":false},"excerpt":{"rendered":"<p>SENZORNA INTEGRACIJA DECE SA SMETNJAMA U RAZVOJU U periodu jun 2016 \/ jun 2017. godine na teritoriji op\u0161tine Novi Beograd [&hellip;]<\/p>\n","protected":false},"author":1,"featured_media":0,"parent":0,"menu_order":0,"comment_status":"open","ping_status":"open","template":"template-full-custom.php","meta":{"footnotes":""},"class_list":["post-2372","page","type-page","status-publish","hentry"],"_links":{"self":[{"href":"https:\/\/resurscentarzaodrzivirazvoj.com\/index.php\/wp-json\/wp\/v2\/pages\/2372","targetHints":{"allow":["GET"]}}],"collection":[{"href":"https:\/\/resurscentarzaodrzivirazvoj.com\/index.php\/wp-json\/wp\/v2\/pages"}],"about":[{"href":"https:\/\/resurscentarzaodrzivirazvoj.com\/index.php\/wp-json\/wp\/v2\/types\/page"}],"author":[{"embeddable":true,"href":"https:\/\/resurscentarzaodrzivirazvoj.com\/index.php\/wp-json\/wp\/v2\/users\/1"}],"replies":[{"embeddable":true,"href":"https:\/\/resurscentarzaodrzivirazvoj.com\/index.php\/wp-json\/wp\/v2\/comments?post=2372"}],"version-history":[{"count":16,"href":"https:\/\/resurscentarzaodrzivirazvoj.com\/index.php\/wp-json\/wp\/v2\/pages\/2372\/revisions"}],"predecessor-version":[{"id":2790,"href":"https:\/\/resurscentarzaodrzivirazvoj.com\/index.php\/wp-json\/wp\/v2\/pages\/2372\/revisions\/2790"}],"wp:attachment":[{"href":"https:\/\/resurscentarzaodrzivirazvoj.com\/index.php\/wp-json\/wp\/v2\/media?parent=2372"}],"curies":[{"name":"wp","href":"https:\/\/api.w.org\/{rel}","templated":true}]}}