{"id":7,"date":"2014-06-04T05:35:00","date_gmt":"2014-06-04T05:35:00","guid":{"rendered":"http:\/\/localhost\/wordpress3\/?page_id=2"},"modified":"2020-06-02T14:51:01","modified_gmt":"2020-06-02T14:51:01","slug":"giz-projekat","status":"publish","type":"page","link":"https:\/\/resurscentarzaodrzivirazvoj.com\/index.php\/giz-projekat\/","title":{"rendered":"S &#8211; GIZ PROJEKAT"},"content":{"rendered":"<h2><strong>PODR\u0160KA U REINTEGRACIJI I EKONOMSKOM OSNA\u017dIVANJU POVRATNIKA I POTENCIJALNIH MIGRANATA U 10 GRADOVA SRBIJE<\/strong><\/h2>\n<p>Kao deo \u0161ireg programa nema\u010dke razvojne saradnje \u201e<strong>Povratak u nove \u0161anse<\/strong>\u201c, Globalni program Migracije za razvoj, koji realizuje GIZ, izme\u0111u ostalog pru\u017ea por\u0161ku u unapre\u0111enju kvalifikacija i zapo\u0161ljavanju povratnika i potencijalnih migranata. Program obuke za zanimanja \u2013 frizer, pomo\u0107nik frizera, pedikir, manikir i kozmeti\u010dar, u periodu oktobar 2019. \u2013 maj 2020. godine, realizovala je organizacija Resurs centar za odr\u017eivi razvoj iz Beograda u 10 gradova i op\u0161tina \u0161irom Srbije.<\/p>\n<p>Cilj programa je bila podr\u0161ka reintegraciji i ekonomskom osna\u017eivanju povratnika kroz olak\u0161ano zapo\u0161ljavanje i samo-zapo\u0161ljavanje u oblasti kozmeti\u010dkih zanimanja, ali i podr\u0161ka lokalnom stanovni\u0161tvu radi lak\u0161eg uklju\u010divanja u doma\u0107e tr\u017ei\u0161te rada.<\/p>\n<p>Programom je obuhva\u0107eno 100 polaznika u 10 gradova &#8211; Beograd, Ni\u0161, Kikinda, Beo\u010din, Kragujevac, Bor, Knja\u017eevac, Vranje, Pirot i U\u017eice, koji su kroz edukaciju stekli stru\u010dne kompetencije za navedena zanimanja.<\/p>\n<p>Program je obuhvatao realizaciju teoretskog i prakti\u010dnog dela obuke, u skladu sa odabranim zanimanjem. Edukacija, u trajanju od 3 meseca, realizovana je u lokalnim frizerskim i kozmeti\u010dkim salonima, koji su bili partneri na projektu. Time je obezbe\u0111eno intenzivno sticanje znanja i ve\u0161tina, polaznika kursa u stvarnom poslovnom okru\u017eenju.<\/p>\n<p>Nakon uspe\u0161no zavr\u0161enog teoretskog i prakti\u010dnog dela obuke, 50 najboljih je radno anga\u017eovano u lokalnim frizerskim i kozmeti\u010dkim salonima. Preostalih 50 je dobilo podr\u0161ku kroz mere samozapo\u0161ljavanja i to kroz 2 komponente:<\/p>\n<ul>\n<li>dodela start-up paketa kozmeti\u010dkog materijala u cilju lak\u0161eg zapo\u010dinjanja sopstvenog biznisa<\/li>\n<li>informisanje o modelima i merama podr\u0161ke (samo) zapo\u0161ljavanja koje nudi Nacionalna slu\u017eba za zapo\u0161ljavanje.<\/li>\n<\/ul>\n<p>Iako je program zavr\u0161en u maju, organizacija \u0107e i u narednom periodu pru\u017eati stru\u010dnu i administrativnu podr\u0161ku svim polaznicima obuke, i time dodatno doprineti njihovoj trajnoj integraciji u lokalne dru\u0161tvene zajednice. Poseban akcenat \u0107e svakako biti usmeren i na podr\u0161ku razvoju i odr\u017eivosti ovih mikro-biznisa, naro\u010dito u kontekstu aktuelne situacije izazvane korona pandemijom i mogu\u0107ih izazova sa kojima se suo\u010dava privatni sektor i ekonomija uop\u0161te.<\/p>\n<div class=\"services-wrapper services-fullbox cols-wrapper cols-3\" style=\"background-color:#252525;color:#ffffff;\"><div class=\"services-box col services-no-content\"><div class=\"img-container\"><img decoding=\"async\" src=\"http:\/\/resurscentarzaodrzivirazvoj.com\/wp-content\/uploads\/2020\/05\/GIZ-service-box-3.jpg\" alt=\"\"\/><\/div><div class=\"services-content\"><div class=\"sc-wraper\"><\/div><\/div><\/div><div class=\"services-box col services-no-content\"><div class=\"img-container\"><img decoding=\"async\" src=\"http:\/\/resurscentarzaodrzivirazvoj.com\/wp-content\/uploads\/2020\/05\/GIZ-service-box-2.jpg\" alt=\"\"\/><\/div><div class=\"services-content\"><div class=\"sc-wraper\"><\/div><\/div><\/div><div class=\"services-box col nomargin services-no-content\"><div class=\"img-container\"><img decoding=\"async\" src=\"http:\/\/resurscentarzaodrzivirazvoj.com\/wp-content\/uploads\/2020\/05\/GIZ-service-box-1.jpg\" alt=\"\"\/><\/div><div class=\"services-content\"><div class=\"sc-wraper\"><\/div><\/div><\/div><div class=\"clear\"><\/div><\/div>\n","protected":false},"excerpt":{"rendered":"<p>PODR\u0160KA U REINTEGRACIJI I EKONOMSKOM OSNA\u017dIVANJU POVRATNIKA I POTENCIJALNIH MIGRANATA U 10 GRADOVA SRBIJE Kao deo \u0161ireg programa nema\u010dke razvojne [&hellip;]<\/p>\n","protected":false},"author":1,"featured_media":0,"parent":0,"menu_order":0,"comment_status":"open","ping_status":"open","template":"template-full-custom.php","meta":{"footnotes":""},"class_list":["post-7","page","type-page","status-publish","hentry"],"_links":{"self":[{"href":"https:\/\/resurscentarzaodrzivirazvoj.com\/index.php\/wp-json\/wp\/v2\/pages\/7","targetHints":{"allow":["GET"]}}],"collection":[{"href":"https:\/\/resurscentarzaodrzivirazvoj.com\/index.php\/wp-json\/wp\/v2\/pages"}],"about":[{"href":"https:\/\/resurscentarzaodrzivirazvoj.com\/index.php\/wp-json\/wp\/v2\/types\/page"}],"author":[{"embeddable":true,"href":"https:\/\/resurscentarzaodrzivirazvoj.com\/index.php\/wp-json\/wp\/v2\/users\/1"}],"replies":[{"embeddable":true,"href":"https:\/\/resurscentarzaodrzivirazvoj.com\/index.php\/wp-json\/wp\/v2\/comments?post=7"}],"version-history":[{"count":9,"href":"https:\/\/resurscentarzaodrzivirazvoj.com\/index.php\/wp-json\/wp\/v2\/pages\/7\/revisions"}],"predecessor-version":[{"id":2698,"href":"https:\/\/resurscentarzaodrzivirazvoj.com\/index.php\/wp-json\/wp\/v2\/pages\/7\/revisions\/2698"}],"wp:attachment":[{"href":"https:\/\/resurscentarzaodrzivirazvoj.com\/index.php\/wp-json\/wp\/v2\/media?parent=7"}],"curies":[{"name":"wp","href":"https:\/\/api.w.org\/{rel}","templated":true}]}}